{"id":32142,"date":"2017-07-18T15:41:56","date_gmt":"2017-07-18T15:41:56","guid":{"rendered":"https:\/\/vadevasos.com\/terminos-y-condiciones-de-compra\/"},"modified":"2025-06-13T21:57:01","modified_gmt":"2025-06-13T19:57:01","slug":"conditions-generales-dachat","status":"publish","type":"page","link":"https:\/\/vadevasos.com\/fr\/conditions-generales-dachat\/","title":{"rendered":"Conditions g\u00e9n\u00e9rales d\u2019achat"},"content":{"rendered":"\n<p>VadeVasos.com\u00a9 est une marque d\u00e9pos\u00e9e.<\/p>\n\n\n\n<p>Toutes les op\u00e9rations que vous r\u00e9alisez avec VadeVasos.com, en avant \u00ab\u00a0VadeVasos.com\u00a0\u00bb, seront soumises aux \u00ab\u00a0Termes et conditions d&rsquo;achat\u00a0\u00bb expos\u00e9s dans le pr\u00e9sent document. Si un aspect n&rsquo;a pas \u00e9t\u00e9 envisag\u00e9 dans ce document, celui-ci sera r\u00e9glement\u00e9 conform\u00e9ment \u00e0 la l\u00e9gislation en vigueur en Espagne. La commande pass\u00e9e par le client implique l&rsquo;accord et l&rsquo;acceptation des pr\u00e9sentes \u00ab\u00a0Conditions d&rsquo;achat\u00a0\u00bb. Aucune stipulation faite par le client sur ces conditions ne peut diff\u00e9rer de celles \u00e9tablies par VadeVasos.com.<\/p>\n\n\n\n<p>Toutes les informations qui apparaissent sur la page web www.VadeVasos.com concernant les articles, leurs caract\u00e9ristiques, les prix et les conditions d&rsquo;achat, y compris les formes et les conditions d&rsquo;envoi et de paiement, pourront \u00eatre modifi\u00e9es par VadeVasos.com \u00e0 tout moment et sans pr\u00e9avis. Certains aspects des \u00ab\u00a0Conditions d&rsquo;achat\u00a0\u00bb peuvent \u00eatre modifi\u00e9s par accord sp\u00e9cial entre le client et VadeVasos.com, toujours avec le consentement de VadeVasos.com.<\/p>\n\n\n\n<p><strong>1) ORDRES :<\/strong><\/p>\n\n\n\n<p>Le fait de passer une commande \u00e0 VadeVasos.com implique l&rsquo;acceptation par le client des pr\u00e9sentes conditions l\u00e9gales. Aucune stipulation du client ne peut diff\u00e9rer de celles de VadeVasos.com si elle n&rsquo;a pas \u00e9t\u00e9 express\u00e9ment accept\u00e9e au pr\u00e9alable et par \u00e9crit par VadeVasos.com.<\/p>\n\n\n\n<p>Toute commande pass\u00e9e sur le site VadeVasos.com sera comprise comme une demande d&rsquo;achat ferme de la part du client.<\/p>\n\n\n\n<p>Une commande n&rsquo;est d\u00e9finitive que lorsqu&rsquo;elle est accept\u00e9e par VadeVasos.com.<\/p>\n\n\n\n<p>Il est entendu que le client, au moment de passer la commande, a lu, compris et accept\u00e9 librement ces conditions en cochant la case appropri\u00e9e disponible \u00e0 cet effet.<\/p>\n\n\n\n<p>VadeVasos.com se r\u00e9serve le droit d&rsquo;accepter ou de refuser, \u00e0 sa propre discr\u00e9tion, toute demande d&rsquo;achat, de prolongation, de renouvellement, de modification ou de changement de l&rsquo;un des articles affich\u00e9s sur son site web.<\/p>\n\n\n\n<p>Le client affirme que les informations personnelles, de paiement et d&rsquo;exp\u00e9dition fournies \u00e0 VadeVasos.com sont r\u00e9elles et fiables. Dans le cas o\u00f9 VadeVasos.com v\u00e9rifierait que tout ou partie de ces donn\u00e9es sont fausses, l&rsquo;achat sera automatiquement annul\u00e9 et le client ne pourra pr\u00e9tendre \u00e0 aucun remboursement se r\u00e9f\u00e9rant aux frais d\u00e9riv\u00e9s de la gestion.<\/p>\n\n\n\n<p>Dans le cas o\u00f9 le client fournit les donn\u00e9es d&rsquo;une tierce personne ou entit\u00e9 lors de l&rsquo;achat, le m\u00eame client sera le seul responsable que cette tierce personne ou entit\u00e9 conna\u00eet et accepte express\u00e9ment cette situation. La responsabilit\u00e9 des dommages et pr\u00e9judices qui pourraient \u00eatre d\u00e9riv\u00e9s de ce fait incombera totalement au client, exemptant VadeVasos.com de toute responsabilit\u00e9.<\/p>\n\n\n\n<p>Toute indication ou consultation que le client r\u00e9alise dans les sections destin\u00e9es aux commentaires dans la commande ou dans les communications post\u00e9rieures sera consid\u00e9r\u00e9e comme simplement informative et elle ne conditionne en aucun cas l&rsquo;achat effectu\u00e9 (les articles demand\u00e9s, la forme de paiement, les termes d&rsquo;envoi, la livraison et, par extension, aucune des pr\u00e9sentes conditions d&rsquo;achat).<\/p>\n\n\n\n<p>De m\u00eame, VadeVasos.com se r\u00e9serve le droit de suspendre une commande dans l&rsquo;attente de toute information n\u00e9cessaire au client. Les d\u00e9lais de livraison seront retard\u00e9s en fonction du temps qui s&rsquo;\u00e9coule avant la r\u00e9ponse du client.<\/p>\n\n\n\n<p><strong>2) PRIX :<\/strong><\/p>\n\n\n\n<p>Les prix des articles publi\u00e9s sur le site sont valables sauf en cas d&rsquo;erreur typographique et uniquement pour les commandes pass\u00e9es sur le site de VadeVasos.com.<\/p>\n\n\n\n<p>Le prix des articles ainsi que n&rsquo;importe laquelle de leurs caract\u00e9ristiques pourront faire l&rsquo;objet d&rsquo;une r\u00e9vision de la part de VadeVasos.com \u00e0 tout moment sans avoir l&rsquo;obligation de notifier ces modifications au client par des moyens qui ne sont pas l&rsquo;exposition de ces changements dans sa page web. En revanche, une fois l&rsquo;achat d&rsquo;un article effectu\u00e9, VadeVasos.com s&rsquo;engage \u00e0 maintenir le prix en vigueur au moment o\u00f9 la commande a \u00e9t\u00e9 pass\u00e9e.<\/p>\n\n\n\n<p>Les prix que VadeVasos.com affiche dans sa page web www.VadeVasos.com incluent le 21% de TVA (Imp\u00f4t sur la valeur ajout\u00e9e) et seront d&rsquo;application seulement aux clients qui r\u00e9sident en ce moment dans les zones d&rsquo;application sp\u00e9cifique de cet imp\u00f4t et quand la situation du client le requiert ainsi, en respectant en tout cas, les lois espagnoles et europ\u00e9ennes se r\u00e9f\u00e9rant \u00e0 la m\u00eame. Outre les taxes sur la vente, les syst\u00e8mes douaniers de chaque pays imposeront les charges fiscales correspondantes.<\/p>\n\n\n\n<p>En raison de leur r\u00e9gime fiscal sp\u00e9cial, les zones g\u00e9ographiques correspondant aux \u00eeles Canaries, \u00e0 Ceuta et \u00e0 Melilla sont consid\u00e9r\u00e9es comme des territoires non communautaires. Par cons\u00e9quent, les achats effectu\u00e9s pour les r\u00e9sidents de ces territoires seront exon\u00e9r\u00e9s de TVA (les frais de bureau de douane et les taxes d&rsquo;importation ne sont pas inclus dans le prix de l&rsquo;article ni dans le prix de l&rsquo;exp\u00e9dition).<\/p>\n\n\n\n<p><strong>3) PAIEMENT :<\/strong><\/p>\n\n\n\n<p>Le paiement des produits sera effectu\u00e9 par l&rsquo;une des formes de paiement suivantes : par carte de cr\u00e9dit\/d\u00e9bit, par virement avant la livraison.<\/p>\n\n\n\n<p>Le client est responsable du paiement des factures m\u00eame si un tiers intervient pour le compte du client, par cons\u00e9quent la responsabilit\u00e9 de fournir des donn\u00e9es d&rsquo;authentification, d&rsquo;acc\u00e8s ou d&rsquo;identification \u00e0 un tiers incombe uniquement et exclusivement au client.<\/p>\n\n\n\n<p>En cas de remboursement d&rsquo;un d\u00e9bit effectu\u00e9 sur la carte de cr\u00e9dit et que la cause du remboursement n&rsquo;est pas due \u00e0 une erreur directement imputable \u00e0 VadeVasos.com, le montant factur\u00e9 au client aura une commission suppl\u00e9mentaire de 5% sur la valeur du montant rembours\u00e9, qui confirmera les frais encourus tant pour les frais bancaires que pour la gestion du recouvrement. Ce montant sera factur\u00e9 au client dans les conditions et selon les modalit\u00e9s que VadeVasos.com juge appropri\u00e9es.<\/p>\n\n\n\n<p>Dans tous les cas, VadeVasos.com se r\u00e9serve le droit de refuser une commande ou de modifier le mode de paiement comme elle le juge opportun.<\/p>\n\n\n\n<p>Le client recevra par e-mail, en m\u00eame temps que la demande de sa commande, les informations n\u00e9cessaires pour qu&rsquo;il puisse r\u00e9aliser le transfert ou la recette du paiement correspondant.<\/p>\n\n\n\n<p>Au moment du paiement, le client doit indiquer dans le concept du document bancaire le num\u00e9ro de commande, comprenant \u00e9galement, si possible, votre nom et votre pr\u00e9nom. Vous devez effectuer le d\u00e9p\u00f4t ou le transfert dans les 5 jours suivant la date de la demande de commande afin d&rsquo;\u00e9viter tout probl\u00e8me de validation et de localisation.<\/p>\n\n\n\n<p>Les transferts \u00e0 l&rsquo;int\u00e9rieur du territoire espagnol prennent g\u00e9n\u00e9ralement 1 ou 2 jours pour devenir effectifs. Dans tous les cas, la commande ne sera consid\u00e9r\u00e9e comme effective que lorsque notre service de gestion disposera de la confirmation bancaire du paiement.<\/p>\n\n\n\n<p>Le paiement du montant de l&rsquo;achat devra \u00eatre re\u00e7u par VadeVasos.com exempt de commissions bancaires ou autres frais d\u00e9riv\u00e9s de la transaction.<\/p>\n\n\n\n<p>En plus des dispositions du paragraphe pr\u00e9c\u00e9dent, il faut tenir compte du fait qu&rsquo;il faut effectuer le paiement de ses achats en EUROS et que toutes les \u00e9ventuelles commissions bancaires de changement de devise seront \u00e0 la charge du client.<\/p>\n\n\n\n<p>Lorsqu&rsquo;il effectue un transfert international, le client devra toujours indiquer \u00e0 sa banque que c&rsquo;est lui qui prendra en charge les commissions bancaires et les frais d\u00e9riv\u00e9s de la transaction. Si tel n&rsquo;est pas le cas, VadeVasos.com peut interrompre l&rsquo;exp\u00e9dition de votre commande si nous ne recevons pas le montant total de l&rsquo;achat.<\/p>\n\n\n\n<p><strong>3.1) LE PAIEMENT PAR CARTE :<\/strong><\/p>\n\n\n\n<p>Dans le paiement par carte de cr\u00e9dit, l&rsquo;op\u00e9ration est autoris\u00e9e par l&rsquo;entit\u00e9 \u00e9mettrice de la carte du client au moyen de la connexion \u00e0 travers la passerelle de paiements (TPV virtuel CYBERPAC) de \u00ab\u00a0La Caixa\u00a0\u00bb. Le client acc\u00e8dera \u00e0 un environnement contr\u00f4l\u00e9 dans lequel il fournira directement les d\u00e9tails de sa carte \u00e0 la banque, qui le connectera \u00e0 sa banque\/banque pour autoriser la transaction. De cette fa\u00e7on, le paiement sera effectu\u00e9 directement, l\u00e9gitimement et en toute s\u00e9curit\u00e9, en maintenant \u00e0 tout moment la confidentialit\u00e9 des informations relatives \u00e0 la carte.<\/p>\n\n\n\n<p>La confidentialit\u00e9 de vos donn\u00e9es est pleinement garantie, tant en ce qui concerne vos donn\u00e9es personnelles que les cartes de cr\u00e9dit pour la r\u00e9alisation des paiements. VadeVasos.com ne stocke aucune information relative aux cartes sur son site web, car toutes les informations relatives aux cartes sont saisies directement dans le point de vente virtuel.<\/p>\n\n\n\n<p>\u00c9tant donn\u00e9 que la l\u00e9gislation sp\u00e9cifique de chaque pays en ce qui concerne les responsabilit\u00e9s du client sur le paiement des produits acquis au moyen du paiement par carte de cr\u00e9dit peut diff\u00e9rer de celle de l&rsquo;Espagne, seuls les clients r\u00e9sidant sur le territoire espagnol pourront r\u00e9gler leurs achats au moyen de cette forme de paiement. Le paiement peut \u00eatre effectu\u00e9 par la plupart des types de cartes de cr\u00e9dit (Visa, MasterCard et JCB).<\/p>\n\n\n\n<p>La fraude \u00e0 la carte de cr\u00e9dit est un crime et VadeVasos.com prendra des mesures l\u00e9gales contre toute personne qui effectue ou tente d&rsquo;effectuer une transaction frauduleuse ou une escroquerie.<\/p>\n\n\n\n<p><strong>3.2) PAIEMENT PAR VIREMENT BANCAIRE :<\/strong><\/p>\n\n\n\n<p>Les virements doivent \u00eatre effectu\u00e9s \u00e0 VadeVasos.com sur notre num\u00e9ro de compte. Pour faciliter le suivi, veuillez nous indiquer dans le concept du transfert le num\u00e9ro de commande dont vous allez r\u00e9aliser le paiement. Il est fondamental que vous vous en souveniez, car VadeVasos.com reconna\u00eetra et localisera votre paiement au moyen du num\u00e9ro de votre commande. Dans les offres qui sont conditionn\u00e9es \u00e0 la date, le paiement doit \u00eatre re\u00e7u dans les dates marqu\u00e9es, sinon, il ne sera pas valide.<\/p>\n\n\n\n<p><strong>4) EXP\u00c9DITION :<\/strong><\/p>\n\n\n\n<p>Les frais d&rsquo;exp\u00e9dition sont inclus s\u00e9par\u00e9ment \u00e0 la fin de la commande et le montant varie en fonction de la destination.<\/p>\n\n\n\n<p>La livraison sera consid\u00e9r\u00e9e comme achev\u00e9e lorsque le transporteur aura mis les produits \u00e0 la disposition du client et que le client aura sign\u00e9 le document de r\u00e9ception de la livraison. Il correspond au client de v\u00e9rifier les produits \u00e0 la r\u00e9ception et d&rsquo;exposer toutes les qualifications et r\u00e9clamations qui peuvent \u00eatre justifi\u00e9es dans le document de r\u00e9ception de livraison.<\/p>\n\n\n\n<p>VadeVasos.com ne s&rsquo;engage \u00e0 aucune livraison express. Les d\u00e9lais de livraison indiqu\u00e9s par VadeVasos.com ne sont qu&rsquo;indicatifs et sont calcul\u00e9s en fonction des jours ouvrables. Nous faisons de notre mieux pour respecter ces d\u00e9lais, mais nous ne garantissons pas leur exactitude, car ils peuvent \u00eatre soumis \u00e0 des variations dues \u00e0 des circonstances ind\u00e9pendantes de notre volont\u00e9. Toutefois, tout retard n&rsquo;entra\u00eenera pas l&rsquo;annulation de la commande ni aucune indemnit\u00e9. Toute clause de p\u00e9nalit\u00e9 de retard introduite par le client dans sa commande est rendue caduque par l&rsquo;application du point 1 des pr\u00e9sentes conditions l\u00e9gales.<\/p>\n\n\n\n<p>VadeVasos.com ne peut garantir le stock permanent des produits propos\u00e9s, veuillez nous contacter pour confirmer le stock. Les d\u00e9lais de livraison sont valables \u00e0 partir de la confirmation du stock.<\/p>\n\n\n\n<p>VadeVasos.com s&rsquo;efforcera toujours d&rsquo;envoyer les produits par transport national. N\u00e9anmoins, il se r\u00e9serve le droit de les envoyer par la voie qu&rsquo;il consid\u00e8re opportune si de cette fa\u00e7on il \u00e9tait n\u00e9cessaire d&rsquo;expirer avec ses engagements. Le prix de l&rsquo;envoi de la commande sera r\u00e9percut\u00e9 au moment de la r\u00e9alisation de cette m\u00eame commande.<\/p>\n\n\n\n<p>VadeVasos.com se r\u00e9serve le droit d&rsquo;envoyer les commandes par tranches. Dans ce cas, les frais d&rsquo;exp\u00e9dition seront \u00e0 la charge de VadeVasos.com. En cas de rupture de stock d&rsquo;un produit (plus de 30 jours \u00e0 partir de la date de la commande), notre d\u00e9partement d&rsquo;attention au client, avertira le client en lui donnant la possibilit\u00e9 d&rsquo;annuler la commande ou de la modifier.<\/p>\n\n\n\n<p><strong>5) RETOURS :<\/strong><\/p>\n\n\n\n<p>VadeVasos.com n&rsquo;acceptera pas les retours apr\u00e8s 7 jours civils \u00e0 compter de la date de livraison. Si le retour a lieu pendant ce d\u00e9lai, le client devra assumer les frais directs du retour.<\/p>\n\n\n\n<p>VadeVasos.com n&rsquo;acceptera pas les retours si le produit n&rsquo;est pas pr\u00e9sent\u00e9 dans des conditions parfaites.<\/p>\n\n\n\n<p>VadeVasos.com n&rsquo;acceptera pas les retours si les emballages du produit ne sont pas les originaux et si ceux-ci ne sont pas en parfait \u00e9tat. L&#8217;emballage d&rsquo;origine doit \u00eatre prot\u00e9g\u00e9 afin qu&rsquo;il soit re\u00e7u dans de parfaites conditions, l&rsquo;utilisation de scell\u00e9s et de rubans adh\u00e9sifs \u00e9tant interdite.<\/p>\n\n\n\n<p>En raison de ses caract\u00e9ristiques particuli\u00e8res, VadeVasos.com n&rsquo;accepte pas les retours des produits suivants : Mat\u00e9riel personnalis\u00e9.<\/p>\n\n\n\n<p>Tout retour devra \u00eatre pr\u00e9alablement autoris\u00e9 par VadeVasos.com. Pour cela le client devra demander \u00e0 VadeVasos.com l&rsquo;autorisation correspondante pour r\u00e9aliser le retour, au moyen d&rsquo;un e-mail \u00e0 info@vadevasos.com indiquant le motif du retour et le num\u00e9ro du bon de livraison ou de la facture.<\/p>\n\n\n\n<p>Une fois que le client a re\u00e7u l&rsquo;autorisation, les produits seront envoy\u00e9s \u00e0 une adresse sp\u00e9cifi\u00e9e par VadeVasos.com. Les frais d&rsquo;exp\u00e9dition seront \u00e0 la charge du client.<\/p>\n\n\n\n<p><strong>6) LIMITATION DE LA RESPONSABILIT\u00c9 :<\/strong><\/p>\n\n\n\n<p>LES INFORMATIONS FOURNIES SUR CE SITE PAR VadeVasos.com NE SONT QUE DES INFORMATIONS ET PAR CONS\u00c9QUENT, VadeVasos.com N&rsquo;ACCEPTE AUCUNE RESPONSABILIT\u00c9 POUR SON CONTENU (AD\u00c9QUATION D&rsquo;UN PRODUIT \u00c0 UN USAGE PARTICULIER). En outre, VadeVasos.com NE GARANTIT PAS QUE LES INFORMATIONS FOURNIES SUR CE SITE SONT VRAIES, COMPL\u00c8TES OU ACTUELLES.<\/p>\n\n\n\n<p>Sauf mention expresse, ni VadeVasos.com ni aucun de ses administrateurs, dirigeants ou employ\u00e9s ne peuvent \u00eatre tenus responsables des dommages r\u00e9sultant de l&rsquo;utilisation de ce site. En particulier, ils ne seront pas responsables des possibles dommages caus\u00e9s aux personnes et\/ou aux choses, ni de la perte totale ou partielle de donn\u00e9es et d&rsquo;informations, ni des d\u00e9penses et\/ou pertes de b\u00e9n\u00e9fices qui pourraient avoir lieu par l&rsquo;utilisation des produits que VadeVasos.com commercialise.<\/p>\n\n\n\n<p>VadeVasos.com n&rsquo;est pas responsable du contenu des autres pages web li\u00e9es \u00e0 ce site. Les risques d\u00e9riv\u00e9s de la consultation de ces pages correspondent exclusivement au client qui doit respecter les termes et conditions d&rsquo;utilisation de ces derni\u00e8res.<\/p>\n\n\n\n<p>Les prix, les caract\u00e9ristiques et la disponibilit\u00e9 des produits commercialis\u00e9s par VadeVasos.com peuvent varier sans pr\u00e9avis.<\/p>\n\n\n\n<p><strong>7) LA FORCE MAJEURE :<\/strong><\/p>\n\n\n\n<p>Les parties n&rsquo;encourent aucune responsabilit\u00e9 pour toute d\u00e9faillance due \u00e0 un cas de force majeure. L&rsquo;ex\u00e9cution de l&rsquo;obligation sera retard\u00e9e jusqu&rsquo;\u00e0 la cessation du cas de force majeure.<\/p>\n\n\n\n<p><strong>8) SOUMISSION :<\/strong><\/p>\n\n\n\n<p>VadeVasos.com esp\u00e8re que les d\u00e9saccords qui pourraient survenir seront r\u00e9solus \u00e0 l&rsquo;amiable. Lorsque cela n&rsquo;est pas possible, le client se soumet express\u00e9ment \u00e0 la juridiction des Cours et Tribunaux de G\u00e9rone (Catalogne) pour sa r\u00e9solution.<\/p>\n","protected":false},"excerpt":{"rendered":"<p>VadeVasos.com\u00a9 est une marque d\u00e9pos\u00e9e. Toutes les op\u00e9rations que vous r\u00e9alisez avec VadeVasos.com, en avant \u00ab\u00a0VadeVasos.com\u00a0\u00bb, seront soumises aux \u00ab\u00a0Termes et conditions d&rsquo;achat\u00a0\u00bb expos\u00e9s dans le pr\u00e9sent document. Si un aspect n&rsquo;a pas \u00e9t\u00e9 envisag\u00e9 dans ce document, celui-ci sera r\u00e9glement\u00e9 conform\u00e9ment \u00e0 la l\u00e9gislation en vigueur en Espagne. La commande pass\u00e9e par le client [&hellip;]<\/p>\n","protected":false},"author":4,"featured_media":0,"parent":0,"menu_order":0,"comment_status":"closed","ping_status":"closed","template":"","meta":{"_acf_changed":false,"_genesis_hide_title":false,"_genesis_hide_breadcrumbs":false,"_genesis_hide_singular_image":false,"_genesis_hide_footer_widgets":false,"_genesis_custom_body_class":"","_genesis_custom_post_class":"","_genesis_layout":"","_joinchat":[],"footnotes":""},"class_list":{"0":"post-32142","1":"page","2":"type-page","3":"status-publish","5":"entry"},"acf":[],"_links":{"self":[{"href":"https:\/\/vadevasos.com\/fr\/wp-json\/wp\/v2\/pages\/32142","targetHints":{"allow":["GET"]}}],"collection":[{"href":"https:\/\/vadevasos.com\/fr\/wp-json\/wp\/v2\/pages"}],"about":[{"href":"https:\/\/vadevasos.com\/fr\/wp-json\/wp\/v2\/types\/page"}],"author":[{"embeddable":true,"href":"https:\/\/vadevasos.com\/fr\/wp-json\/wp\/v2\/users\/4"}],"replies":[{"embeddable":true,"href":"https:\/\/vadevasos.com\/fr\/wp-json\/wp\/v2\/comments?post=32142"}],"version-history":[{"count":3,"href":"https:\/\/vadevasos.com\/fr\/wp-json\/wp\/v2\/pages\/32142\/revisions"}],"predecessor-version":[{"id":41668,"href":"https:\/\/vadevasos.com\/fr\/wp-json\/wp\/v2\/pages\/32142\/revisions\/41668"}],"wp:attachment":[{"href":"https:\/\/vadevasos.com\/fr\/wp-json\/wp\/v2\/media?parent=32142"}],"curies":[{"name":"wp","href":"https:\/\/api.w.org\/{rel}","templated":true}]}}