{"id":32139,"date":"2017-07-18T11:46:12","date_gmt":"2017-07-18T11:46:12","guid":{"rendered":"https:\/\/vadevasos.com\/politica-de-privacidad\/"},"modified":"2025-05-28T10:55:55","modified_gmt":"2025-05-28T08:55:55","slug":"politique-de-confidentialite","status":"publish","type":"page","link":"https:\/\/vadevasos.com\/fr\/politique-de-confidentialite\/","title":{"rendered":"Politique de confidentialit\u00e9"},"content":{"rendered":"\n<p><strong>Page web :&nbsp;<\/strong><a href=\"http:\/\/www.vadevasos.com\"><strong>www.vadevasos.com<\/strong><\/a><strong><\/strong><\/p>\n\n\n\n<p><strong>Si\u00e8ge social : C\/Camp d\u2019or, 79 17007-Girona<\/strong><\/p>\n\n\n\n<p><strong>Directeur de la publication :<\/strong><\/p>\n\n\n\n<p>Les donn\u00e9es personnelles que l&rsquo;utilisateur doit fournir sont indispensables pour l&rsquo;envoi des commandes et la r\u00e9daction des factures. L&rsquo;absence de ces donn\u00e9es entra\u00eenera l&rsquo;annulation automatique des commandes.<\/p>\n\n\n\n<p>En s&rsquo;inscrivant sur le site, l&rsquo;utilisateur s&rsquo;engage \u00e0 fournir des donn\u00e9es personnelles valides, qui permettront la prestation du service par VadeVasos.com et une identification correcte de l&rsquo;utilisateur enregistr\u00e9, ainsi que l&rsquo;envoi d&rsquo;informations et de publicit\u00e9s concernant les diff\u00e9rents produits et offres que VadeVasos.com pourrait proposer sur ses pages web.<\/p>\n\n\n\n<p>Les communications commerciales (bulletins d&rsquo;information sous forme d&rsquo;e-mails proposant des nouveaut\u00e9s, liquidations ou offres) seront envoy\u00e9es par e-mail \u00e0 l&rsquo;adresse fournie par l&rsquo;utilisateur, qui, lors de son inscription, donne son consentement explicite \u00e0 ces envois publicitaires par e-mail. \u00c0 tout moment, l&rsquo;utilisateur pourra se d\u00e9sinscrire de notre bulletin d&rsquo;informations pour ne plus recevoir ce type d&rsquo;e-mails. Pour se d\u00e9sinscrire, il suffit de cliquer sur le lien pr\u00e9vu \u00e0 cet effet, qui appara\u00eet en bas de chaque e-mail promotionnel que nous enverrons.<\/p>\n\n\n\n<p>Seul VadeVasos.com poss\u00e8de les donn\u00e9es personnelles de l&rsquo;utilisateur. Les donn\u00e9es fournies par l&rsquo;utilisateur sont stock\u00e9es dans un fichier appartenant \u00e0 VadeVasos.com, conforme \u00e0 la r\u00e9glementation en vigueur en mati\u00e8re de protection des donn\u00e9es et de commerce \u00e9lectronique. Le responsable de ce fichier et de son traitement est VadeVasos.com.<\/p>\n\n\n\n<p>VadeVasos.com s&rsquo;engage \u00e0 respecter le devoir de confidentialit\u00e9 de ces donn\u00e9es, ainsi qu&rsquo;\u00e0 les traiter avec confidentialit\u00e9, en prenant les mesures n\u00e9cessaires pour \u00e9viter leur alt\u00e9ration, perte, traitement ou acc\u00e8s non autoris\u00e9, conform\u00e9ment \u00e0 la Loi Organique 15\/1999 du 13 d\u00e9cembre sur la protection des donn\u00e9es \u00e0 caract\u00e8re personnel, au D\u00e9cret &nbsp;Royal 994\/1999 du 11 juin et \u00e0 ses normes de d\u00e9veloppement.<\/p>\n\n\n\n<p>Tout utilisateur inscrit pourra \u00e0 tout moment exercer son droit d&rsquo;acc\u00e8s, de rectification et, le cas \u00e9ch\u00e9ant, de suppression de ses donn\u00e9es personnelles fournies \u00e0 VadeVasos.com. Il peut le faire par une demande \u00e9crite envoy\u00e9e par e-mail \u00e0 l&rsquo;adresse :&nbsp;<a href=\"mailto:info@VadeVasos.com\">info@VadeVasos.com<\/a>.<\/p>\n\n\n\n<p>VadeVasos.com s&rsquo;engage \u00e0 ne pas utiliser ces donn\u00e9es personnelles \u00e0 d&rsquo;autres fins que celles du service qu&rsquo;il fournit via ses pages web, qui proposent des informations sur des offres de produits destin\u00e9s \u00e0 la vente directe en ligne, et \u00e0 ne pas transmettre ces donn\u00e9es \u00e0 des tiers, sauf si ceux-ci interviennent dans le cadre du contrat.<\/p>\n\n\n\n<p>Au cours de ses visites sur nos pages, VadeVasos.com pourra utiliser des cookies, petits fichiers de donn\u00e9es stock\u00e9s dans le syst\u00e8me de l&rsquo;utilisateur, permettant de personnaliser et de faciliter la navigation sur le site web, et qui sont associ\u00e9s \u00e0 un utilisateur anonyme sans que l&rsquo;on puisse d\u00e9duire des donn\u00e9es personnelles de l&rsquo;utilisateur. Ces cookies ne contiennent pas d&rsquo;informations confidentielles concernant l&rsquo;utilisateur.<\/p>\n\n\n\n<p>L&rsquo;utilisateur pourra toujours d\u00e9sactiver les cookies dans les param\u00e8tres de son navigateur. Cette d\u00e9sactivation n&#8217;emp\u00eache pas l&rsquo;acc\u00e8s de l&rsquo;utilisateur au contenu du site web.<\/p>\n","protected":false},"excerpt":{"rendered":"<p>Page web :&nbsp;www.vadevasos.com Si\u00e8ge social : C\/Camp d\u2019or, 79 17007-Girona Directeur de la publication : Les donn\u00e9es personnelles que l&rsquo;utilisateur doit fournir sont indispensables pour l&rsquo;envoi des commandes et la r\u00e9daction des factures. L&rsquo;absence de ces donn\u00e9es entra\u00eenera l&rsquo;annulation automatique des commandes. En s&rsquo;inscrivant sur le site, l&rsquo;utilisateur s&rsquo;engage \u00e0 fournir des donn\u00e9es personnelles valides, [&hellip;]<\/p>\n","protected":false},"author":4,"featured_media":0,"parent":0,"menu_order":0,"comment_status":"closed","ping_status":"closed","template":"","meta":{"_acf_changed":false,"_genesis_hide_title":false,"_genesis_hide_breadcrumbs":false,"_genesis_hide_singular_image":false,"_genesis_hide_footer_widgets":false,"_genesis_custom_body_class":"","_genesis_custom_post_class":"","_genesis_layout":"","_joinchat":[],"footnotes":""},"class_list":{"0":"post-32139","1":"page","2":"type-page","3":"status-publish","5":"entry"},"acf":[],"_links":{"self":[{"href":"https:\/\/vadevasos.com\/fr\/wp-json\/wp\/v2\/pages\/32139","targetHints":{"allow":["GET"]}}],"collection":[{"href":"https:\/\/vadevasos.com\/fr\/wp-json\/wp\/v2\/pages"}],"about":[{"href":"https:\/\/vadevasos.com\/fr\/wp-json\/wp\/v2\/types\/page"}],"author":[{"embeddable":true,"href":"https:\/\/vadevasos.com\/fr\/wp-json\/wp\/v2\/users\/4"}],"replies":[{"embeddable":true,"href":"https:\/\/vadevasos.com\/fr\/wp-json\/wp\/v2\/comments?post=32139"}],"version-history":[{"count":1,"href":"https:\/\/vadevasos.com\/fr\/wp-json\/wp\/v2\/pages\/32139\/revisions"}],"predecessor-version":[{"id":41452,"href":"https:\/\/vadevasos.com\/fr\/wp-json\/wp\/v2\/pages\/32139\/revisions\/41452"}],"wp:attachment":[{"href":"https:\/\/vadevasos.com\/fr\/wp-json\/wp\/v2\/media?parent=32139"}],"curies":[{"name":"wp","href":"https:\/\/api.w.org\/{rel}","templated":true}]}}