{"id":32118,"date":"2017-03-20T12:26:38","date_gmt":"2017-03-20T12:26:38","guid":{"rendered":"https:\/\/vadevasos.com\/ventajas\/"},"modified":"2020-06-25T07:44:28","modified_gmt":"2020-06-25T07:44:28","slug":"avantages","status":"publish","type":"page","link":"https:\/\/vadevasos.com\/fr\/avantages\/","title":{"rendered":"Les avantages de nos verres"},"content":{"rendered":"\n<div class=\"wp-block-columns align-items-center is-layout-flex wp-container-core-columns-is-layout-9d6595d7 wp-block-columns-is-layout-flex\">\n<div class=\"wp-block-column is-layout-flow wp-block-column-is-layout-flow\">\n<figure class=\"wp-block-image size-full\"><img loading=\"lazy\" decoding=\"async\" width=\"580\" height=\"392\" src=\"https:\/\/vadevasos.com\/wp-content\/uploads\/img-fr-ecologia.jpg\" alt=\"\u00c9cologie\" class=\"wp-image-32322\" srcset=\"https:\/\/vadevasos.com\/wp-content\/uploads\/img-fr-ecologia.jpg 580w, https:\/\/vadevasos.com\/wp-content\/uploads\/img-fr-ecologia-300x203.jpg 300w, https:\/\/vadevasos.com\/wp-content\/uploads\/img-fr-ecologia-510x345.jpg 510w\" sizes=\"auto, (max-width: 580px) 100vw, 580px\" \/><\/figure>\n<\/div>\n\n\n\n<div class=\"wp-block-column is-layout-flow wp-block-column-is-layout-flow\">\n<h2 class=\"wp-block-heading\">Des \u00e9conomies d\u2019\u00e9nergie et la protection de l\u2019environnement<\/h2>\n\n\n\n<p>En les recyclant, nous r\u00e9duisons l\u2019\u00e9nergie n\u00e9cessaire \u00e0 l\u2019extraction, au transport et \u00e0 la production de mati\u00e8re premi\u00e8re, ce qui entra\u00eene une r\u00e9duction de la production de CO2 et de l\u2019effet de serre, en luttant ainsi activement contre le changement climatique.<\/p>\n\n\n\n<p>L\u2019importance du recyclage r\u00e9side en ce que plus on recycle de produit moins on a besoin de mati\u00e8re. Par cons\u00e9quent, notre plan\u00e8te souffrira moins de l\u2019augmentation permanente et incontr\u00f4l\u00e9e des d\u00e9chets g\u00e9n\u00e9r\u00e9s.<\/p>\n\n\n\n<p>Pour chaque tonne de plastique recycl\u00e9e, on \u00e9conomise 11 barils de p\u00e9trole.<\/p>\n<\/div>\n<\/div>\n\n\n\n<blockquote class=\"wp-block-quote is-layout-flow wp-block-quote-is-layout-flow\"><p>Un petit geste aidera nos enfants \u00e0 jouir d\u2019une plan\u00e8te plus verte.<\/p><p>Prenons soin de l\u2019environnement. Prenons soin de nous-m\u00eames.<\/p><\/blockquote>\n\n\n\n<div class=\"wp-block-columns align-items-center is-layout-flex wp-container-core-columns-is-layout-9d6595d7 wp-block-columns-is-layout-flex\">\n<div class=\"wp-block-column is-layout-flow wp-block-column-is-layout-flow\">\n<h2 class=\"wp-block-heading\">Connectez avec votre public<\/h2>\n\n\n\n<p>Les verres sont aussi id\u00e9aux pour connecter avec votre public, puisqu\u2019ils peuvent \u00eatre personnalis\u00e9s, en cr\u00e9ant ainsi un lien tr\u00e8s sp\u00e9cial avec lui.<\/p>\n\n\n\n<p>Ils constituent un excellent support publicitaire et un remarquable outil de marketing.<\/p>\n\n\n\n<p>Y compris apr\u00e8s que l\u2019\u00e9v\u00e9nement s\u2019est achev\u00e9, ils vous permettent de demeurer visible sur les r\u00e9seaux sociaux.<\/p>\n<\/div>\n\n\n\n<div class=\"wp-block-column is-layout-flow wp-block-column-is-layout-flow\">\n<figure class=\"wp-block-image size-full\"><img loading=\"lazy\" decoding=\"async\" width=\"580\" height=\"392\" src=\"https:\/\/vadevasos.com\/wp-content\/uploads\/img-fr-imagen.jpg\" alt=\"Image\" class=\"wp-image-32324\" srcset=\"https:\/\/vadevasos.com\/wp-content\/uploads\/img-fr-imagen.jpg 580w, https:\/\/vadevasos.com\/wp-content\/uploads\/img-fr-imagen-300x203.jpg 300w, https:\/\/vadevasos.com\/wp-content\/uploads\/img-fr-imagen-510x345.jpg 510w\" sizes=\"auto, (max-width: 580px) 100vw, 580px\" \/><\/figure>\n<\/div>\n<\/div>\n\n\n\n<blockquote class=\"wp-block-quote is-layout-flow wp-block-quote-is-layout-flow\"><p>En promouvant votre marque, vous augmenterez vos b\u00e9n\u00e9fices.<br>Cr\u00e9ez un lien avec votre public qui perdure dans sa m\u00e9moire.<\/p><\/blockquote>\n\n\n\n<div class=\"wp-block-columns align-items-center is-layout-flex wp-container-core-columns-is-layout-9d6595d7 wp-block-columns-is-layout-flex\">\n<div class=\"wp-block-column is-layout-flow wp-block-column-is-layout-flow\">\n<figure class=\"wp-block-image size-full\"><img loading=\"lazy\" decoding=\"async\" width=\"580\" height=\"392\" src=\"https:\/\/vadevasos.com\/wp-content\/uploads\/img-fr-beneficio.jpg\" alt=\"Profit\" class=\"wp-image-32320\" srcset=\"https:\/\/vadevasos.com\/wp-content\/uploads\/img-fr-beneficio.jpg 580w, https:\/\/vadevasos.com\/wp-content\/uploads\/img-fr-beneficio-300x203.jpg 300w, https:\/\/vadevasos.com\/wp-content\/uploads\/img-fr-beneficio-510x345.jpg 510w\" sizes=\"auto, (max-width: 580px) 100vw, 580px\" \/><\/figure>\n<\/div>\n\n\n\n<div class=\"wp-block-column is-layout-flow wp-block-column-is-layout-flow\">\n<h2 class=\"wp-block-heading\">B\u00e9n\u00e9fices importants<\/h2>\n\n\n\n<p>Gr\u00e2ce \u00e0 l\u2019originalit\u00e9 et \u00e0 la personnalisation des verres, la plupart des consommateurs et des participants \u00e0 un \u00e9v\u00e9nement souhaitent l\u2019emporter en souvenir.<\/p>\n\n\n\n<p>Cela entra\u00eene une source de revenus pour les organisateurs en raison de la marge de b\u00e9n\u00e9fice faite sur eux.<\/p>\n<\/div>\n<\/div>\n\n\n\n<blockquote class=\"wp-block-quote is-layout-flow wp-block-quote-is-layout-flow\"><p>Ils sont parfaits pour les festivals et les \u00e9v\u00e9nements.<br>Ils sont respectueux de l\u2019environnement et meilleurs pour vos affaires.<\/p><\/blockquote>\n\n\n\n<p class=\"text-center mb-5\"><a href=\"\/fr\/boutique\/\" class=\"btn btn-action\">D\u00e9couvrez nos verres<\/a><\/p>\n","protected":false},"excerpt":{"rendered":"<p>Des \u00e9conomies d\u2019\u00e9nergie et la protection de l\u2019environnement En les recyclant, nous r\u00e9duisons l\u2019\u00e9nergie n\u00e9cessaire \u00e0 l\u2019extraction, au transport et \u00e0 la production de mati\u00e8re premi\u00e8re, ce qui entra\u00eene une r\u00e9duction de la production de CO2 et de l\u2019effet de serre, en luttant ainsi activement contre le changement climatique. L\u2019importance du recyclage r\u00e9side en ce [&hellip;]<\/p>\n","protected":false},"author":4,"featured_media":0,"parent":0,"menu_order":0,"comment_status":"closed","ping_status":"closed","template":"","meta":{"_acf_changed":false,"_genesis_hide_title":false,"_genesis_hide_breadcrumbs":false,"_genesis_hide_singular_image":false,"_genesis_hide_footer_widgets":false,"_genesis_custom_body_class":"","_genesis_custom_post_class":"","_genesis_layout":"","_joinchat":[],"footnotes":""},"class_list":{"0":"post-32118","1":"page","2":"type-page","3":"status-publish","5":"entry","6":"has-post-thumbnail"},"acf":[],"_links":{"self":[{"href":"https:\/\/vadevasos.com\/fr\/wp-json\/wp\/v2\/pages\/32118","targetHints":{"allow":["GET"]}}],"collection":[{"href":"https:\/\/vadevasos.com\/fr\/wp-json\/wp\/v2\/pages"}],"about":[{"href":"https:\/\/vadevasos.com\/fr\/wp-json\/wp\/v2\/types\/page"}],"author":[{"embeddable":true,"href":"https:\/\/vadevasos.com\/fr\/wp-json\/wp\/v2\/users\/4"}],"replies":[{"embeddable":true,"href":"https:\/\/vadevasos.com\/fr\/wp-json\/wp\/v2\/comments?post=32118"}],"version-history":[{"count":0,"href":"https:\/\/vadevasos.com\/fr\/wp-json\/wp\/v2\/pages\/32118\/revisions"}],"wp:attachment":[{"href":"https:\/\/vadevasos.com\/fr\/wp-json\/wp\/v2\/media?parent=32118"}],"curies":[{"name":"wp","href":"https:\/\/api.w.org\/{rel}","templated":true}]}}