{"id":32098,"date":"2017-07-18T15:41:56","date_gmt":"2017-07-18T15:41:56","guid":{"rendered":"https:\/\/vadevasos.com\/terminos-y-condiciones-de-compra\/"},"modified":"2025-06-13T21:55:26","modified_gmt":"2025-06-13T19:55:26","slug":"termes-i-condicions-de-compra","status":"publish","type":"page","link":"https:\/\/vadevasos.com\/ca\/termes-i-condicions-de-compra\/","title":{"rendered":"Termes i condicions de compra"},"content":{"rendered":"\n<p>Vadevasos.com\u00a9 \u00e9s una marca registrada.<\/p>\n\n\n\n<p>Totes les operacions que realitzi amb Vadevasos.com, d&#8217;ara endavant \u201cVadevasos.com\u201d, estaran subjectes als \u201cTermes i condicions de compra\u201d exposades en el present document. Si algun aspecte no estigu\u00e9s contemplat en aquest document, aquest ser\u00e0 regulat segons la legislaci\u00f3 vigent a Espanya. La comanda formulada pel client implica el seu acord i acceptaci\u00f3 dels presents \u201cTermes i condicions de compra\u201d. Cap estipulaci\u00f3 efectuada pel client sobre aquestes condicions, podr\u00e0 diferir de les establertes per Vadevasos.com.<\/p>\n\n\n\n<p>Tota la informaci\u00f3 que figura en la p\u00e0gina web www.vadevasos.com referents als articles, les seves caracter\u00edstiques, preus i condicions de compra incloent les formes i condicions de va enviar i pagament podran ser modificades per Vadevasos.com en qualsevol moment i sense previ av\u00eds. Alguns aspectes dels \u201cTermes i condicions de compra\u201d podran ser canviats per conveni especial entre el client i Vadevasos.com sempre sota el consentiment de Vadevasos.com.<\/p>\n\n\n\n<p><strong>1) DEMANATS:<\/strong><\/p>\n\n\n\n<p>La realitzaci\u00f3 d&#8217;una comanda a Vadevasos.com suposa l&#8217;acceptaci\u00f3 per part del client d&#8217;aquestes condicions legals. Cap estipulaci\u00f3 feta pel client podr\u00e0 diferir de les de Vadevasos.com si no ha estat expressament acceptada per endavant i per escrit per Vadevasos.com.<\/p>\n\n\n\n<p>Tot comanda realitzada en la web de Vadevasos.com s&#8217;entendr\u00e0 com a sol\u00b7licitud de compra en ferma pel client.<\/p>\n\n\n\n<p>Una comanda no \u00e9s definitiu fins que \u00e9s acceptat per Vadevasos.com.<\/p>\n\n\n\n<p>S&#8217;ent\u00e9n que el client, en el moment de realitzar la comanda, ha llegit, ent\u00e8s i acceptat lliurement les presents condicions marcant la corresponent casella disponible a aquest efecte.<\/p>\n\n\n\n<p>Vadevasos.com es reserva el dret d&#8217;acceptar o denegar, al seu propi criteri, qualsevol sol\u00b7licitud de compra, ampliaci\u00f3, renovaci\u00f3, modificaci\u00f3 o canvi de qualsevol dels articles exposats en la seva p\u00e0gina web.<\/p>\n\n\n\n<p>El client afirma que les seves dades personals, pagament i va enviar proporcionats a Vadevasos.com s\u00f3n reals i fiables. En cas que Vadevasos.com comprov\u00e9s que algun o part d&#8217;aquestes dades anessin falsos, la compra ser\u00e0 autom\u00e0ticament anul\u00b7lada i el client no podr\u00e0 reclamar devoluci\u00f3 alguna referent a les despeses derivades de la gesti\u00f3.<\/p>\n\n\n\n<p>En cas que el client proporcioni les dades d&#8217;una tercera persona o entitat en efectuar la compra, el mateix client ser\u00e0 l&#8217;\u00fanic responsable que aquesta tercera persona o entitat conegui i accepti expressament tal situaci\u00f3. Tota la responsabilitat pels danys i perjudicis que poguessin derivar-se per aquest fet recauran totalment sobre el client, eximint a Vadevasos.com de qualsevol responsabilitat.<\/p>\n\n\n\n<p>Qualsevol indicaci\u00f3 o consulta que el client realitzi en els apartats destinats a comentaris en la comanda o comunicacions posteriors seran preses com merament informatives i no condicionessin en cap cas la compra efectuada (els articles sol\u00b7licitats, la forma de pagament, els terminis de va enviar, el lliurament i, per extensi\u00f3, qualsevol de les presents condicions de compra).<\/p>\n\n\n\n<p>Aix\u00ed mateix Vadevasos.com es reserva el dret a retenir una comanda a l&#8217;espera de qualsevol informaci\u00f3 que necessiti del client. Els terminis de va enviar es retardessin en relaci\u00f3 al mateix temps que transcorri abans que el client respongui.<\/p>\n\n\n\n<p><strong>2) PREUS:<\/strong><\/p>\n\n\n\n<p>Els preus dels articles publicats en la p\u00e0gina web s\u00f3n v\u00e0lids excepte en cas d&#8217;error tipogr\u00e0fic i \u00fanicament per a comandes realitzades a trav\u00e9s de la web de Vadevasos.com.<\/p>\n\n\n\n<p>El preu dels articles aix\u00ed com qualsevol de les seves caracter\u00edstiques podran ser objecte de revisi\u00f3 per part de Vadevasos.com en qualsevol moment sense tenir l&#8217;obligaci\u00f3 de notificar tals modificacions al client per mitjans que no siguin l&#8217;exposici\u00f3 d&#8217;aquests canvis en la seva p\u00e0gina web. D&#8217;altra banda, una vegada efectuada la compra d&#8217;un article Vadevasos.com es compromet a mantenir el preu vigent al client en el moment que realitzo la comanda.<\/p>\n\n\n\n<p>Els preus que Vadevasos.com mostra en la seva p\u00e0gina web www.<em>VadeVasos.<\/em>com inclouen el 21% d&#8217;IVA (Impost sobre el valor afegit) i ser\u00e0 aplicable \u00fanicament als clients que resideixin actualment en les zones d&#8217;aplicaci\u00f3 espec\u00edfiques per a aquest impost i quan la situaci\u00f3 del client aix\u00ed ho requereixi, respectant en qualsevol cas, les lleis espanyoles i europees referents a aquest. A part dels impostos en la venda, els sistemes de duanes de cada pa\u00eds imposaran les c\u00e0rregues impositives corresponents.<\/p>\n\n\n\n<p>A causa del seu r\u00e8gim especial fiscal, s\u00f3n considerats territoris extracomunitaris els \u00e0mbits geogr\u00e0fics corresponents a Can\u00e0ries, Ceuta i Melilla. Per tant les compres realitzades per a residents de tals territoris estaran exempts del pagament de l&#8217;IVA (les despeses d&#8217;oficina de duanes i els impostos d&#8217;importaci\u00f3 no estan inclosos en el preu de l&#8217;articulo ni el preu de va enviar).<\/p>\n\n\n\n<p><strong>3) PAGAMENTS:<\/strong><\/p>\n\n\n\n<p>El pagament dels productes s&#8217;efectu\u00e9s mitjan\u00e7ant alguna de les seg\u00fcents formes de pagament:per targeta de cr\u00e8dit\/d\u00e8bit, per transfer\u00e8ncia pr\u00e8via al lliurament o a trav\u00e9s.<\/p>\n\n\n\n<p>El client \u00e9s responsable del pagament de factures encara que un tercer intervingui en nom del client, per tant la responsabilitat en facilitar les dades d&#8217;autenticaci\u00f3, acc\u00e9s o identificaci\u00f3 a un tercer \u00e9s exclusivament del client.<\/p>\n\n\n\n<p>En el cas que es produ\u00eds alguna devoluci\u00f3 d&#8217;un c\u00e0rrec efectuat en la targeta de cr\u00e8dit i la causa de devoluci\u00f3 no fora per error directament imputable a Vadevasos.com, l&#8217;import cobrat al client tindr\u00e0 una tarifa addicional d&#8217;un 5% sobre el valor de l&#8217;import retornat, que confirmaran les despeses ocasionades tant de comissions banc\u00e0ries com de gesti\u00f3 del cobrament. Aquest import ser\u00e0 cobrat al client en els terminis i formes que Vadevasos.com consideri oportuns.<\/p>\n\n\n\n<p>En qualsevol cas Vadevasos.com es reserva el dret a declinar una comanda o modificar la forma de pagament segons consideri oport\u00fa.<\/p>\n\n\n\n<p>El client rebr\u00e0 per correu electr\u00f2nic, juntament amb la sol\u00b7licitud de la seva comanda, la informaci\u00f3 necess\u00e0ria perqu\u00e8 pugui realitzar la transfer\u00e8ncia o l&#8217;ingr\u00e9s per a l&#8217;abonament corresponent.<\/p>\n\n\n\n<p>En el moment de realitzar el pagament el client haur\u00e0 d&#8217;indicar en el concepte del document bancari el n\u00famero de comanda, incloent tamb\u00e9, si pot ser, el seu nom i cognoms. Haur\u00e0 de realitzar l&#8217;ingr\u00e9s o transfer\u00e8ncia durant els 5 dies posteriors a la data de sol\u00b7licitud de la comanda per a evitar problemes en la seva validaci\u00f3 i localitzaci\u00f3.<\/p>\n\n\n\n<p>Les transfer\u00e8ncies dins del territori espanyol solen trigar 1 o 2 dies a fer-se efectives. En qualsevol cas, no es considerar\u00e0 efectiu la comanda fins que el nostre departament de gesti\u00f3 tingui la confirmaci\u00f3 banc\u00e0ria del pagament.<\/p>\n\n\n\n<p>El pagament de l&#8217;import de la compra haur\u00e0 de ser rebut per Vadevasos.com lliure de comissions banc\u00e0ries o altres despeses derivades de la transacci\u00f3.<\/p>\n\n\n\n<p>A m\u00e9s del que es disposa en l&#8217;apartat anterior, s&#8217;ha de tenir en compte de realitzar el pagament de les seves compres en EUROS i que totes les possibles comissions banc\u00e0ries de canvi de moneda seran a c\u00e0rrec del client.<\/p>\n\n\n\n<p>En realitzar una transfer\u00e8ncia internacional, el client haur\u00e0 d&#8217;indicar sempre al seu banc que ser\u00e0 ell el que es far\u00e0 c\u00e0rrec de les comissions banc\u00e0ries i despeses derivades de la transacci\u00f3. De no ser aix\u00ed, Vadevasos.com pot detenir l&#8217;enviament de la seva comanda al no rebre la quantitat \u00edntegra de l&#8217;import de la compra.<\/p>\n\n\n\n<p><strong>3.1) PAGAMENT AMB TARGETA:<\/strong><\/p>\n\n\n\n<p>En el pagament mitjan\u00e7ant c\u00e0rrec en targeta de cr\u00e8dit, l&#8217;operaci\u00f3 \u00e9s autoritzada per l&#8217;entitat emissora \u200b\u200bde la targeta del client mitjan\u00e7ant connexi\u00f3 a trav\u00e9s de la passarel\u00b7la de pagaments (*TPV virtual *CYBERPAC) de la \u201cLa Caixa\u201d. El client accedir\u00e0 a un entorn controlat en el qual proporcionar\u00e0 directament a l&#8217;entitat banc\u00e0ria les dades de la targeta, el qual li connectar\u00e0 amb el seu banc\/caixa per a autoritzar l&#8217;operaci\u00f3. D&#8217;aquesta manera el pagament s&#8217;efectuar\u00e0 de manera directa, leg\u00edtima i segura mantenint la privacitat de la informaci\u00f3 de la targeta en tot moment.<\/p>\n\n\n\n<p>La confidencialitat de les seves dades est\u00e0 plenament garantida, tant respecte a les seves dades personals com als de les targetes de cr\u00e8dit per a la realitzaci\u00f3 dels pagaments. Vadevasos.com no emmagatzema cap informaci\u00f3 de les targetes en el seu web, ja que tota la informaci\u00f3 de les targetes s&#8217;introdueix directament en el *TPV virtual.<\/p>\n\n\n\n<p>At\u00e8s que la legislaci\u00f3 espec\u00edfica de cada pa\u00eds respecte a les responsabilitats del client sobre el pagament dels productes adquirits mitjan\u00e7ant el pagament per targeta de cr\u00e8dit poden diferir de les espanyoles, \u00fanicament els clients residents en territori espanyol podran abonar les seves compres mitjan\u00e7ant aquesta forma de pagament. S&#8217;admet el cobrament a trav\u00e9s de la majoria dels tipus de targetes de cr\u00e8dit (Visa, *MasterCard i *JCB).<\/p>\n\n\n\n<p>El frau amb targeta de cr\u00e8dit \u00e9s un delicte i Vadevasos.com establir\u00e0 accions judicials contra tot aquell que realitzi o intenti realitzar una transacci\u00f3 fraudulenta o estafa.<\/p>\n\n\n\n<p><strong>3.2) PAGAMENT PER TRANSFER\u00c8NCIA:<\/strong><\/p>\n\n\n\n<p>Les transfer\u00e8ncies han de realitzar-se a Vadevasos.com al nostre n\u00famero de compte. Per a facilitar el seguiment, si us plau, indiqui&#8217;ns en el concepte de la transfer\u00e8ncia el n\u00famero de comanda del qual realitzar\u00e0 el pagament. \u00c9s fonamental que recordi aix\u00f2, ja que Vadevasos.com reconeixer\u00e0 i localitzar\u00e0 el seu pagament mitjan\u00e7ant el n\u00famero de la seva comanda. En ofertes que estan condicionades a data, el pagament ha de rebre&#8217;s en les dates marcades, si no, no ser\u00e0 v\u00e0lid.<\/p>\n\n\n\n<p><strong>4) ENVIAMENTS:<\/strong><\/p>\n\n\n\n<p>Les despeses d&#8217;enviament s&#8217;inclouen a part al final de la comanda i d&#8217;import variable segons dest\u00ed.<\/p>\n\n\n\n<p>El lliurament es considerar\u00e0 realitzada en el moment en qu\u00e8 el transportista hagi posat els productes a la disposici\u00f3 del client i aquest hagi signat el document de recepci\u00f3 de lliurament. Correspon al client verificar els productes a la recepci\u00f3 i exposar totes les excepcions i reclamacions que puguin estar justificades en el document de recepci\u00f3 de lliurament.<\/p>\n\n\n\n<p>VadeVasos.com no es compromet a cap enviament urgent. Els terminis de lliurament indicats per VadeVasos.com s\u00f3n \u00fanicament orientatius i es calculen considerant dies feiners. Fem el nostre major esfor\u00e7 per complir aquests terminis, per\u00f2 no garantim la seva exactitud, ja que poden estar subjectes a variacions per circumst\u00e0ncies alienes a la nostra voluntat. No obstant aix\u00f2, la seva demora no implica l&#8217;anul\u00b7laci\u00f3 de la comanda ni cap indemnitzaci\u00f3. Qualsevol cl\u00e0usula de penalitzaci\u00f3 per retard introdu\u00efda pel client a la comanda queda sense efecte per l&#8217;aplicaci\u00f3 del punt 1 d&#8217;aquestes condicions legals.<\/p>\n\n\n\n<p>Vadevasos.com no pot garantir l&#8217;estoc permanent dels productes oferts, posi&#8217;s en contacte amb nosaltres per a confirmar estoc. Els terminis de lliurament s\u00f3n v\u00e0lids a partir de la confirmaci\u00f3 d&#8217;estoc.<\/p>\n\n\n\n<p>Vadevasos.com tractar\u00e0 d&#8217;enviar sempre els productes per transport d&#8217;\u00e0mbit nacional. No obstant aix\u00f2, es reserva el dret d&#8217;enviar-los pel mitj\u00e0 que estimi oport\u00fa si fos aix\u00ed necessari per a complir amb els seus compromisos. El preu de l&#8217;enviament de la comanda estar\u00e0 reflectit a l&#8217;hora de realitzar el mateix.<\/p>\n\n\n\n<p>Vadevasos.com es reserva el dret d&#8217;enviar les comandes per terminis. En tal caso les despeses de *envio seran a c\u00e0rrec de Vadevasos.com. En el cas que es produ\u00eds trencament d&#8217;estoc d&#8217;algun producte (m\u00e9s de 30 dies des de la data de comanda), el nostre departament d&#8217;atenci\u00f3 al client, advertir\u00e0 al client donant la possibilitat d&#8217;anul\u00b7lar la comanda o canviar-lo.<\/p>\n\n\n\n<p><strong>5) DEVOLUCIONS:<\/strong><\/p>\n\n\n\n<p>Vadevasos.com no acceptar\u00e0 devolucions transcorreguts 7 dies naturals des de la data de lliurament. En el cas de produir-se la devoluci\u00f3 dins d&#8217;aquest termini, el client correr\u00e0 amb les despeses directes de la devoluci\u00f3.<\/p>\n\n\n\n<p>Vadevasos.com no acceptar\u00e0 devolucions si el producte no es presenta en perfectes condicions.<\/p>\n\n\n\n<p><em>VadeVasos.<\/em>com no acceptar\u00e0 devolucions si els embalatges del producte no s\u00f3n els originals i aquests no es troben en perfecte estat. L&#8217;embalatge original ha de protegir-se de manera que es rebi en perfectes condicions, quedant prohibit l&#8217;\u00fas de precintes i cintes adhesives.<\/p>\n\n\n\n<p>Pels seus especials caracter\u00edstiques, Vadevasos.com no acceptar\u00e0 devolucions dels seg\u00fcents productes: Material personalitzat.<\/p>\n\n\n\n<p>Tota devoluci\u00f3 haur\u00e0 d&#8217;estar pr\u00e8viament autoritzada per Vadevasos.com. Per a aix\u00f2 el client haur\u00e0 de sol\u00b7licitar a Vadevasos.com l&#8217;autoritzaci\u00f3 corresponent per a realitzar la devoluci\u00f3, mitjan\u00e7ant un correu electr\u00f2nic a info@vadevasos.com indicant el motiu de la devoluci\u00f3 i el n\u00famero d&#8217;albar\u00e0 o factura.<\/p>\n\n\n\n<p>Una vegada que el client hagi rebut l&#8217;autoritzaci\u00f3 far\u00e0 arribar els productes a una direcci\u00f3 especificada per Vadevasos.com. Les despeses de l&#8217;enviament seran a c\u00e0rrec del client.<\/p>\n\n\n\n<p><strong>6) LIMITACI\u00d3 DE RESPONSABILITAT:<\/strong><\/p>\n\n\n\n<p>LA INFORMACI\u00d3 SUBMINISTRADA EN AQUEST LLOC PER Vadevasos.com \u00c9S A T\u00cdTOL INFORMATIU I per tant Vadevasos.com NO ACCEPTA CAP RESPONSABILITAT SOBRE EL SEU CONTINGUT (COM *PUDIERA SER L&#8217;ADEQUACI\u00d3 D&#8217;UN PRODUCTE PER A UN DETERMINAT PROP\u00d2SIT). AIX\u00cd MATEIX, Vadevasos.com NO GARANTEIX QUE LA INFORMACI\u00d3 SUBMINISTRADA EN AQUEST LLOC SIGUI FIABLE, COMPLETA O ACTUAL.<\/p>\n\n\n\n<p>Excepte en els casos en qu\u00e8 s&#8217;indiqui expressament, ni Vadevasos.com ni cap dels seus directors, empleats seran responsables dels possibles danys derivats de l&#8217;\u00fas d&#8217;aquest lloc. En concret no seran responsables dels possibles danys causats a persones i\/o coses, ni de la p\u00e8rdua total o parcial de dades i informaci\u00f3, ni de les despeses i\/o p\u00e8rdues de beneficis que poguessin produir-se per l&#8217;\u00fas dels productes que comercialitza Vadevasos.com.<\/p>\n\n\n\n<p>Vadevasos.com no \u00e9s responsable dels continguts d&#8217;altres p\u00e0gines web enlla\u00e7ades a aquest lloc. Els riscos derivats de la consulta de tals p\u00e0gines corresponen exclusivament al client que haur\u00e0 de regir-se pels termes i condicions d&#8217;utilitzaci\u00f3 d&#8217;aquestes.<\/p>\n\n\n\n<p>Els preus, les caracter\u00edstiques i la disponibilitat dels productes comercialitzats per Vadevasos.com poden variar sense previ av\u00eds.<\/p>\n\n\n\n<p><strong>7) FOR\u00c7A MAJOR:<\/strong><\/p>\n\n\n\n<p>Les parts no incorreran en responsabilitat davant qualsevol falta deguda a causa major. El compliment de l&#8217;obligaci\u00f3 es demorar\u00e0 fins al cessament del cas de for\u00e7a major.<\/p>\n\n\n\n<p><strong>8) SUBMISSI\u00d3:<\/strong><\/p>\n\n\n\n<p>Vadevasos.com espera que els desacords que poguessin sorgir es resolguin de manera amistosa. Quan aix\u00f2 no sigui possible, el client se sotmet expressament a la jurisdicci\u00f3 dels Jutjats i Tribunals de Girona (Catalunya) per a la seva resoluci\u00f3.<\/p>\n","protected":false},"excerpt":{"rendered":"<p>Vadevasos.com\u00a9 \u00e9s una marca registrada. Totes les operacions que realitzi amb Vadevasos.com, d&#8217;ara endavant \u201cVadevasos.com\u201d, estaran subjectes als \u201cTermes i condicions de compra\u201d exposades en el present document. Si algun aspecte no estigu\u00e9s contemplat en aquest document, aquest ser\u00e0 regulat segons la legislaci\u00f3 vigent a Espanya. La comanda formulada pel client implica el seu acord [&hellip;]<\/p>\n","protected":false},"author":4,"featured_media":0,"parent":0,"menu_order":0,"comment_status":"closed","ping_status":"closed","template":"","meta":{"_acf_changed":false,"_genesis_hide_title":false,"_genesis_hide_breadcrumbs":false,"_genesis_hide_singular_image":false,"_genesis_hide_footer_widgets":false,"_genesis_custom_body_class":"","_genesis_custom_post_class":"","_genesis_layout":"","_joinchat":[],"footnotes":""},"class_list":{"0":"post-32098","1":"page","2":"type-page","3":"status-publish","5":"entry"},"acf":[],"_links":{"self":[{"href":"https:\/\/vadevasos.com\/ca\/wp-json\/wp\/v2\/pages\/32098","targetHints":{"allow":["GET"]}}],"collection":[{"href":"https:\/\/vadevasos.com\/ca\/wp-json\/wp\/v2\/pages"}],"about":[{"href":"https:\/\/vadevasos.com\/ca\/wp-json\/wp\/v2\/types\/page"}],"author":[{"embeddable":true,"href":"https:\/\/vadevasos.com\/ca\/wp-json\/wp\/v2\/users\/4"}],"replies":[{"embeddable":true,"href":"https:\/\/vadevasos.com\/ca\/wp-json\/wp\/v2\/comments?post=32098"}],"version-history":[{"count":3,"href":"https:\/\/vadevasos.com\/ca\/wp-json\/wp\/v2\/pages\/32098\/revisions"}],"predecessor-version":[{"id":41666,"href":"https:\/\/vadevasos.com\/ca\/wp-json\/wp\/v2\/pages\/32098\/revisions\/41666"}],"wp:attachment":[{"href":"https:\/\/vadevasos.com\/ca\/wp-json\/wp\/v2\/media?parent=32098"}],"curies":[{"name":"wp","href":"https:\/\/api.w.org\/{rel}","templated":true}]}}