{"id":32083,"date":"2017-03-20T12:26:38","date_gmt":"2017-03-20T12:26:38","guid":{"rendered":"https:\/\/vadevasos.com\/ventajas\/"},"modified":"2020-06-24T16:30:55","modified_gmt":"2020-06-24T16:30:55","slug":"avantatges","status":"publish","type":"page","link":"https:\/\/vadevasos.com\/ca\/avantatges\/","title":{"rendered":"Els avantatges dels nostres gots"},"content":{"rendered":"\n<div class=\"wp-block-columns align-items-center is-layout-flex wp-container-core-columns-is-layout-9d6595d7 wp-block-columns-is-layout-flex\">\n<div class=\"wp-block-column is-layout-flow wp-block-column-is-layout-flow\">\n<figure class=\"wp-block-image size-full\"><img loading=\"lazy\" decoding=\"async\" width=\"580\" height=\"392\" src=\"https:\/\/vadevasos.com\/wp-content\/uploads\/img-cat-ecologia.jpg\" alt=\"Ecologia\" class=\"wp-image-31884\" srcset=\"https:\/\/vadevasos.com\/wp-content\/uploads\/img-cat-ecologia.jpg 580w, https:\/\/vadevasos.com\/wp-content\/uploads\/img-cat-ecologia-300x203.jpg 300w, https:\/\/vadevasos.com\/wp-content\/uploads\/img-cat-ecologia-510x345.jpg 510w\" sizes=\"auto, (max-width: 580px) 100vw, 580px\" \/><\/figure>\n<\/div>\n\n\n\n<div class=\"wp-block-column is-layout-flow wp-block-column-is-layout-flow\">\n<h2 class=\"wp-block-heading\">Estalvi energ\u00e8tic i medi ambient<\/h2>\n\n\n\n<p>En reciclar, redu\u00efm l\u2019energia necess\u00e0ria per extraure, transportar i produir la mat\u00e8ria primera del nostre producte, per tant, redu\u00efm l\u2019emissi\u00f3 de CO2 i, en conseq\u00fc\u00e8ncia, l\u2019efecte d\u2019hivernacle; lluitem activament contra el canvi clim\u00e0tic.<\/p>\n\n\n\n<p>La import\u00e0ncia del reciclatge rau en el fet que com m\u00e9s productes siguin reciclats, menys mat\u00e8ria es necessitar\u00e0. D\u2019aquesta manera el nostre planeta pateix menys el creixement permanent i incontrolat de les escombraries que es generen.<\/p>\n\n\n\n<p>Per cada tona de pl\u00e0stic que es recicla, s\u2019estalvien 11 barrils petroli.<\/p>\n<\/div>\n<\/div>\n\n\n\n<blockquote class=\"wp-block-quote is-layout-flow wp-block-quote-is-layout-flow\"><p>Un petit gest que servir\u00e0 d\u2019ajuda als nostres infants perqu\u00e8 gaudeixin d\u2019un planeta m\u00e9s verd. <\/p><p>Tinguem cura del medi ambient. Tinguem cura de nosaltres mateixos.  <\/p><\/blockquote>\n\n\n\n<div class=\"wp-block-columns align-items-center is-layout-flex wp-container-core-columns-is-layout-9d6595d7 wp-block-columns-is-layout-flex\">\n<div class=\"wp-block-column is-layout-flow wp-block-column-is-layout-flow\">\n<h2 class=\"wp-block-heading\">Connecteu amb el p\u00fablic<\/h2>\n\n\n\n<p>Els gots tamb\u00e9 s\u00f3n ideals per connectar amb el p\u00fablic, ja que es poden personalitzar i d\u2019aquesta manera podeu crear un vincle molt especial amb ells.<br>S\u00f3n un gran suport publicitari i una gran eina de m\u00e0rqueting.<\/p>\n\n\n\n<p>Fins i tot quan l\u2019esdeveniment s\u2019acaba, podeu continuar sent visible a les xarxes socials gr\u00e0cies als gots.<\/p>\n<\/div>\n\n\n\n<div class=\"wp-block-column is-layout-flow wp-block-column-is-layout-flow\">\n<figure class=\"wp-block-image size-full\"><img loading=\"lazy\" decoding=\"async\" width=\"580\" height=\"392\" src=\"https:\/\/vadevasos.com\/wp-content\/uploads\/img-cat-imagen.jpg\" alt=\"Imatge\" class=\"wp-image-31885\" srcset=\"https:\/\/vadevasos.com\/wp-content\/uploads\/img-cat-imagen.jpg 580w, https:\/\/vadevasos.com\/wp-content\/uploads\/img-cat-imagen-300x203.jpg 300w, https:\/\/vadevasos.com\/wp-content\/uploads\/img-cat-imagen-510x345.jpg 510w\" sizes=\"auto, (max-width: 580px) 100vw, 580px\" \/><\/figure>\n<\/div>\n<\/div>\n\n\n\n<blockquote class=\"wp-block-quote is-layout-flow wp-block-quote-is-layout-flow\"><p>Potenciant la vostra marca incrementareu el benefici.<br>Creeu un vincle amb el p\u00fablic que perduri en la mem\u00f2ria.<\/p><\/blockquote>\n\n\n\n<div class=\"wp-block-columns align-items-center is-layout-flex wp-container-core-columns-is-layout-9d6595d7 wp-block-columns-is-layout-flex\">\n<div class=\"wp-block-column is-layout-flow wp-block-column-is-layout-flow\">\n<figure class=\"wp-block-image size-full\"><img loading=\"lazy\" decoding=\"async\" width=\"580\" height=\"392\" src=\"https:\/\/vadevasos.com\/wp-content\/uploads\/img-cat-beneficio.jpg\" alt=\"Benefici\" class=\"wp-image-31883\" srcset=\"https:\/\/vadevasos.com\/wp-content\/uploads\/img-cat-beneficio.jpg 580w, https:\/\/vadevasos.com\/wp-content\/uploads\/img-cat-beneficio-300x203.jpg 300w, https:\/\/vadevasos.com\/wp-content\/uploads\/img-cat-beneficio-510x345.jpg 510w\" sizes=\"auto, (max-width: 580px) 100vw, 580px\" \/><\/figure>\n<\/div>\n\n\n\n<div class=\"wp-block-column is-layout-flow wp-block-column-is-layout-flow\">\n<h2 class=\"wp-block-heading\">Beneficis importants<\/h2>\n\n\n\n<p>Gr\u00e0cies a l\u2019originalitat i personalitzaci\u00f3 dels gots, la majoria dels consumidors i assistents se\u2019l volen emportar com a record de l\u2019esdeveniment.<\/p>\n\n\n\n<p>D\u2019aquesta manera, el got es converteix en una font d\u2019ingressos per als organitzadors gr\u00e0cies al marge de benefici dels gots.<\/p>\n<\/div>\n<\/div>\n\n\n\n<blockquote class=\"wp-block-quote is-layout-flow wp-block-quote-is-layout-flow\"><p>S\u00f3n perfectes per a festivals i esdeveniments.<br>Bons per al medi ambient, millors per al vostre negoci.<\/p><\/blockquote>\n\n\n\n<p class=\"text-center mb-5\"><a href=\"\/ca\/botiga\/\" class=\"btn btn-action\">Descobreix els nostres gots<\/a><\/p>\n","protected":false},"excerpt":{"rendered":"<p>Estalvi energ\u00e8tic i medi ambient En reciclar, redu\u00efm l\u2019energia necess\u00e0ria per extraure, transportar i produir la mat\u00e8ria primera del nostre producte, per tant, redu\u00efm l\u2019emissi\u00f3 de CO2 i, en conseq\u00fc\u00e8ncia, l\u2019efecte d\u2019hivernacle; lluitem activament contra el canvi clim\u00e0tic. La import\u00e0ncia del reciclatge rau en el fet que com m\u00e9s productes siguin reciclats, menys mat\u00e8ria es [&hellip;]<\/p>\n","protected":false},"author":1,"featured_media":0,"parent":0,"menu_order":0,"comment_status":"closed","ping_status":"closed","template":"","meta":{"_acf_changed":false,"_genesis_hide_title":false,"_genesis_hide_breadcrumbs":false,"_genesis_hide_singular_image":false,"_genesis_hide_footer_widgets":false,"_genesis_custom_body_class":"","_genesis_custom_post_class":"","_genesis_layout":"","_joinchat":[],"footnotes":""},"class_list":{"0":"post-32083","1":"page","2":"type-page","3":"status-publish","5":"entry","6":"has-post-thumbnail"},"acf":[],"_links":{"self":[{"href":"https:\/\/vadevasos.com\/ca\/wp-json\/wp\/v2\/pages\/32083","targetHints":{"allow":["GET"]}}],"collection":[{"href":"https:\/\/vadevasos.com\/ca\/wp-json\/wp\/v2\/pages"}],"about":[{"href":"https:\/\/vadevasos.com\/ca\/wp-json\/wp\/v2\/types\/page"}],"author":[{"embeddable":true,"href":"https:\/\/vadevasos.com\/ca\/wp-json\/wp\/v2\/users\/1"}],"replies":[{"embeddable":true,"href":"https:\/\/vadevasos.com\/ca\/wp-json\/wp\/v2\/comments?post=32083"}],"version-history":[{"count":0,"href":"https:\/\/vadevasos.com\/ca\/wp-json\/wp\/v2\/pages\/32083\/revisions"}],"wp:attachment":[{"href":"https:\/\/vadevasos.com\/ca\/wp-json\/wp\/v2\/media?parent=32083"}],"curies":[{"name":"wp","href":"https:\/\/api.w.org\/{rel}","templated":true}]}}